{"id":931,"date":"2024-03-08T11:39:03","date_gmt":"2024-03-08T14:39:03","guid":{"rendered":"https:\/\/fucape.br\/mktsocial2024\/?page_id=931"},"modified":"2024-08-19T10:45:50","modified_gmt":"2024-08-19T13:45:50","slug":"datas-importantes","status":"publish","type":"page","link":"https:\/\/fucape.br\/mktsocial2024\/datas-importantes\/","title":{"rendered":"Datas Importantes"},"content":{"rendered":"\t\t<div data-elementor-type=\"wp-page\" data-elementor-id=\"931\" class=\"elementor elementor-931\" data-elementor-settings=\"{&quot;ha_cmc_init_switcher&quot;:&quot;no&quot;}\" data-elementor-post-type=\"page\">\n\t\t\t\t<div data-dce-background-image-url=\"https:\/\/fucape.br\/mktsocial2024\/wp-content\/uploads\/2024\/03\/datas-importantes_-1.webp\" class=\"elementor-element elementor-element-eba4568 e-flex e-con-boxed e-con e-parent\" data-id=\"eba4568\" data-element_type=\"container\" data-settings=\"{&quot;background_background&quot;:&quot;classic&quot;}\">\n\t\t\t\t\t<div class=\"e-con-inner\">\n\t\t\t\t<div class=\"elementor-element elementor-element-cf059c6 elementor-widget elementor-widget-heading\" data-id=\"cf059c6\" data-element_type=\"widget\" data-widget_type=\"heading.default\">\n\t\t\t\t<div class=\"elementor-widget-container\">\n\t\t\t\t\t<h1 class=\"elementor-heading-title elementor-size-default\">Datas Importantes<\/h1>\t\t\t\t<\/div>\n\t\t\t\t<\/div>\n\t\t\t\t\t<\/div>\n\t\t\t\t<\/div>\n\t\t<div class=\"elementor-element elementor-element-e7665fd e-flex e-con-boxed e-con e-parent\" data-id=\"e7665fd\" data-element_type=\"container\">\n\t\t\t\t\t<div class=\"e-con-inner\">\n\t\t<div class=\"elementor-element elementor-element-b2d4c1f e-flex e-con-boxed e-con e-child\" data-id=\"b2d4c1f\" data-element_type=\"container\">\n\t\t\t\t\t<div class=\"e-con-inner\">\n\t\t\t\t<div class=\"elementor-element elementor-element-50ed0a7 elementor-widget__width-initial elementor-widget-mobile__width-inherit elementor-widget elementor-widget-image-box\" data-id=\"50ed0a7\" data-element_type=\"widget\" data-widget_type=\"image-box.default\">\n\t\t\t\t<div class=\"elementor-widget-container\">\n\t\t\t\t\t<div class=\"elementor-image-box-wrapper\"><div class=\"elementor-image-box-content\"><h2 class=\"elementor-image-box-title\">Aten\u00e7\u00e3o \u00e0s datas importantes para o VI Congresso Latino-Americano de Marketing Social:<\/h2><p class=\"elementor-image-box-description\"><ul class=\"\"datas-importantes>\n\n<li><span>11\/03\/2024<\/span> Abertura das submiss\u00f5es<\/li>\n<li><s><span>30\/06\/2024<\/span> Encerramento das submiss\u00f5es<\/s><\/li>\n<li><enfase><span>15\/07\/2024<\/span> Encerramento das submiss\u00f5es <\/enfase><\/li>\n<li><s><span>20\/07\/2024<\/span> Divulga\u00e7\u00e3o dos resultados<\/s><\/li>\n<li><enfase><span>31\/07\/2024<\/span> Divulga\u00e7\u00e3o dos resultados <\/enfase><\/li>\n<li><span>01\/06 a 31\/08\/2024<\/span> Per\u00edodo de inscri\u00e7\u00f5es<\/li>\n<li><span>14\/08\/2024 <\/span> Divulga\u00e7\u00e3o da programa\u00e7\u00e3o detalhada<\/li>\n<li><span>04 a 07\/09\/2024<\/span> Realiza\u00e7\u00e3o do evento<\/li>\n\n<\/ul><\/p><\/div><\/div>\t\t\t\t<\/div>\n\t\t\t\t<\/div>\n\t\t\t\t\t<\/div>\n\t\t\t\t<\/div>\n\t\t\t\t<div class=\"elementor-element elementor-element-3c20236 elementor-widget__width-initial elementor-widget elementor-widget-image\" data-id=\"3c20236\" data-element_type=\"widget\" data-widget_type=\"image.default\">\n\t\t\t\t<div class=\"elementor-widget-container\">\n\t\t\t\t\t\t\t\t\t\t\t\t\t\t\t<img fetchpriority=\"high\" decoding=\"async\" width=\"430\" height=\"289\" src=\"https:\/\/fucape.br\/mktsocial2024\/wp-content\/uploads\/2024\/03\/datas_.webp\" class=\"attachment-full size-full wp-image-1226\" alt=\"datas_\" srcset=\"https:\/\/fucape.br\/mktsocial2024\/wp-content\/uploads\/2024\/03\/datas_.webp 430w, https:\/\/fucape.br\/mktsocial2024\/wp-content\/uploads\/2024\/03\/datas_-300x202.webp 300w\" sizes=\"(max-width: 430px) 100vw, 430px\" title=\"\">\t\t\t\t\t\t\t\t\t\t\t\t\t\t\t<\/div>\n\t\t\t\t<\/div>\n\t\t\t\t\t<\/div>\n\t\t\t\t<\/div>\n\t\t\t\t<\/div>\n\t\t","protected":false},"excerpt":{"rendered":"<p>Aten\u00e7\u00e3o \u00e0s datas importantes para o VI Congresso Latino-Americano de Marketing Social: 11\/03\/2024 Abertura das submiss\u00f5es 30\/06\/2024 Encerramento das submiss\u00f5es 15\/07\/2024 Encerramento das submiss\u00f5es 20\/07\/2024 Divulga\u00e7\u00e3o dos resultados 31\/07\/2024 Divulga\u00e7\u00e3o dos resultados 01\/06 a 31\/08\/2024 Per\u00edodo de inscri\u00e7\u00f5es 14\/08\/2024 Divulga\u00e7\u00e3o da programa\u00e7\u00e3o detalhada 04 a 07\/09\/2024 Realiza\u00e7\u00e3o do evento<\/p>\n","protected":false},"author":1,"featured_media":0,"parent":0,"menu_order":0,"comment_status":"closed","ping_status":"closed","template":"","meta":{"footnotes":""},"tipo":[],"class_list":["post-931","page","type-page","status-publish","hentry"],"_links":{"self":[{"href":"https:\/\/fucape.br\/mktsocial2024\/wp-json\/wp\/v2\/pages\/931","targetHints":{"allow":["GET"]}}],"collection":[{"href":"https:\/\/fucape.br\/mktsocial2024\/wp-json\/wp\/v2\/pages"}],"about":[{"href":"https:\/\/fucape.br\/mktsocial2024\/wp-json\/wp\/v2\/types\/page"}],"author":[{"embeddable":true,"href":"https:\/\/fucape.br\/mktsocial2024\/wp-json\/wp\/v2\/users\/1"}],"replies":[{"embeddable":true,"href":"https:\/\/fucape.br\/mktsocial2024\/wp-json\/wp\/v2\/comments?post=931"}],"version-history":[{"count":107,"href":"https:\/\/fucape.br\/mktsocial2024\/wp-json\/wp\/v2\/pages\/931\/revisions"}],"predecessor-version":[{"id":2540,"href":"https:\/\/fucape.br\/mktsocial2024\/wp-json\/wp\/v2\/pages\/931\/revisions\/2540"}],"wp:attachment":[{"href":"https:\/\/fucape.br\/mktsocial2024\/wp-json\/wp\/v2\/media?parent=931"}],"wp:term":[{"taxonomy":"tipo","embeddable":true,"href":"https:\/\/fucape.br\/mktsocial2024\/wp-json\/wp\/v2\/tipo?post=931"}],"curies":[{"name":"wp","href":"https:\/\/api.w.org\/{rel}","templated":true}]}}