{"id":1423,"date":"2024-03-12T13:07:58","date_gmt":"2024-03-12T16:07:58","guid":{"rendered":"https:\/\/fucape.br\/mktsocial2024\/?page_id=1423"},"modified":"2024-08-19T10:38:52","modified_gmt":"2024-08-19T13:38:52","slug":"contacto","status":"publish","type":"page","link":"https:\/\/fucape.br\/mktsocial2024\/es\/contacto\/","title":{"rendered":"Contacto"},"content":{"rendered":"\t\t<div data-elementor-type=\"wp-page\" data-elementor-id=\"1423\" class=\"elementor elementor-1423\" data-elementor-settings=\"{&quot;ha_cmc_init_switcher&quot;:&quot;no&quot;}\" data-elementor-post-type=\"page\">\n\t\t\t\t<div data-dce-background-image-url=\"https:\/\/fucape.br\/mktsocial2024\/wp-content\/uploads\/2024\/03\/contato_.webp\" class=\"elementor-element elementor-element-eba4568 e-flex e-con-boxed e-con e-parent\" data-id=\"eba4568\" data-element_type=\"container\" data-settings=\"{&quot;background_background&quot;:&quot;classic&quot;}\">\n\t\t\t\t\t<div class=\"e-con-inner\">\n\t\t\t\t<div class=\"elementor-element elementor-element-cf059c6 elementor-widget elementor-widget-heading\" data-id=\"cf059c6\" data-element_type=\"widget\" data-widget_type=\"heading.default\">\n\t\t\t\t<div class=\"elementor-widget-container\">\n\t\t\t\t\t<h1 class=\"elementor-heading-title elementor-size-default\">Contacto<\/h1>\t\t\t\t<\/div>\n\t\t\t\t<\/div>\n\t\t\t\t\t<\/div>\n\t\t\t\t<\/div>\n\t\t<div class=\"elementor-element elementor-element-e7665fd e-flex e-con-boxed e-con e-parent\" data-id=\"e7665fd\" data-element_type=\"container\">\n\t\t\t\t\t<div class=\"e-con-inner\">\n\t\t<div class=\"elementor-element elementor-element-b2d4c1f e-flex e-con-boxed e-con e-child\" data-id=\"b2d4c1f\" data-element_type=\"container\">\n\t\t\t\t\t<div class=\"e-con-inner\">\n\t\t\t\t<div class=\"elementor-element elementor-element-50ed0a7 elementor-widget elementor-widget-image-box\" data-id=\"50ed0a7\" data-element_type=\"widget\" data-widget_type=\"image-box.default\">\n\t\t\t\t<div class=\"elementor-widget-container\">\n\t\t\t\t\t<div class=\"elementor-image-box-wrapper\"><div class=\"elementor-image-box-content\"><h2 class=\"elementor-image-box-title\">Cualquier asunto relacionado con el VI Congreso Latinoamericano de Marketing Social, como dudas, sugerencias, entre otros, debe dirigirse al correo electr\u00f3nico oficial del evento:<\/h2><p class=\"elementor-image-box-description\"><a href=\"mailto:mktsocial2024@fucape.br\">mktsocial2024@fucape.br<\/a>\n<p>Al realizar el contacto, proporcione su nombre, instituci\u00f3n y m\u00e9todo de contacto, adem\u00e1s del asunto que motiv\u00f3 el contacto.<\/p><\/p><\/div><\/div>\t\t\t\t<\/div>\n\t\t\t\t<\/div>\n\t\t\t\t\t<\/div>\n\t\t\t\t<\/div>\n\t\t\t\t<div class=\"elementor-element elementor-element-3c20236 elementor-widget__width-initial elementor-widget elementor-widget-image\" data-id=\"3c20236\" data-element_type=\"widget\" data-widget_type=\"image.default\">\n\t\t\t\t<div class=\"elementor-widget-container\">\n\t\t\t\t\t\t\t\t\t\t\t\t\t\t\t<img fetchpriority=\"high\" decoding=\"async\" width=\"430\" height=\"290\" src=\"https:\/\/fucape.br\/mktsocial2024\/wp-content\/uploads\/2024\/03\/contato-web_.webp\" class=\"attachment-full size-full wp-image-1270\" alt=\"contato-web_\" srcset=\"https:\/\/fucape.br\/mktsocial2024\/wp-content\/uploads\/2024\/03\/contato-web_.webp 430w, https:\/\/fucape.br\/mktsocial2024\/wp-content\/uploads\/2024\/03\/contato-web_-300x202.webp 300w\" sizes=\"(max-width: 430px) 100vw, 430px\" title=\"\">\t\t\t\t\t\t\t\t\t\t\t\t\t\t\t<\/div>\n\t\t\t\t<\/div>\n\t\t\t\t\t<\/div>\n\t\t\t\t<\/div>\n\t\t\t\t<\/div>\n\t\t","protected":false},"excerpt":{"rendered":"<p>Cualquier asunto relacionado con el VI Congreso Latinoamericano de Marketing Social, como dudas, sugerencias, entre otros, debe dirigirse al correo electr\u00f3nico oficial del evento: mktsocial2024@fucape.br Al realizar el contacto, proporcione su nombre, instituci\u00f3n y m\u00e9todo de contacto, adem\u00e1s del asunto que motiv\u00f3 el contacto.<\/p>\n","protected":false},"author":1,"featured_media":0,"parent":1520,"menu_order":8,"comment_status":"closed","ping_status":"closed","template":"","meta":{"footnotes":""},"tipo":[],"class_list":["post-1423","page","type-page","status-publish","hentry"],"_links":{"self":[{"href":"https:\/\/fucape.br\/mktsocial2024\/wp-json\/wp\/v2\/pages\/1423","targetHints":{"allow":["GET"]}}],"collection":[{"href":"https:\/\/fucape.br\/mktsocial2024\/wp-json\/wp\/v2\/pages"}],"about":[{"href":"https:\/\/fucape.br\/mktsocial2024\/wp-json\/wp\/v2\/types\/page"}],"author":[{"embeddable":true,"href":"https:\/\/fucape.br\/mktsocial2024\/wp-json\/wp\/v2\/users\/1"}],"replies":[{"embeddable":true,"href":"https:\/\/fucape.br\/mktsocial2024\/wp-json\/wp\/v2\/comments?post=1423"}],"version-history":[{"count":10,"href":"https:\/\/fucape.br\/mktsocial2024\/wp-json\/wp\/v2\/pages\/1423\/revisions"}],"predecessor-version":[{"id":2507,"href":"https:\/\/fucape.br\/mktsocial2024\/wp-json\/wp\/v2\/pages\/1423\/revisions\/2507"}],"up":[{"embeddable":true,"href":"https:\/\/fucape.br\/mktsocial2024\/wp-json\/wp\/v2\/pages\/1520"}],"wp:attachment":[{"href":"https:\/\/fucape.br\/mktsocial2024\/wp-json\/wp\/v2\/media?parent=1423"}],"wp:term":[{"taxonomy":"tipo","embeddable":true,"href":"https:\/\/fucape.br\/mktsocial2024\/wp-json\/wp\/v2\/tipo?post=1423"}],"curies":[{"name":"wp","href":"https:\/\/api.w.org\/{rel}","templated":true}]}}