{"id":1409,"date":"2024-03-12T13:11:24","date_gmt":"2024-03-12T16:11:24","guid":{"rendered":"https:\/\/fucape.br\/mktsocial2024\/?page_id=1409"},"modified":"2024-08-19T10:32:50","modified_gmt":"2024-08-19T13:32:50","slug":"llamada-a-ponencias","status":"publish","type":"page","link":"https:\/\/fucape.br\/mktsocial2024\/es\/llamada-a-ponencias\/","title":{"rendered":"Llamada a ponencias"},"content":{"rendered":"\t\t<div data-elementor-type=\"wp-page\" data-elementor-id=\"1409\" class=\"elementor elementor-1409\" data-elementor-settings=\"{&quot;ha_cmc_init_switcher&quot;:&quot;no&quot;}\" data-elementor-post-type=\"page\">\n\t\t\t\t<div data-dce-background-image-url=\"https:\/\/fucape.br\/mktsocial2024\/wp-content\/uploads\/2024\/03\/chamadas-de-trabalhos.png\" class=\"elementor-element elementor-element-eba4568 e-flex e-con-boxed e-con e-parent\" data-id=\"eba4568\" data-element_type=\"container\" data-settings=\"{&quot;background_background&quot;:&quot;classic&quot;}\">\n\t\t\t\t\t<div class=\"e-con-inner\">\n\t\t\t\t<div class=\"elementor-element elementor-element-cf059c6 elementor-widget elementor-widget-heading\" data-id=\"cf059c6\" data-element_type=\"widget\" data-widget_type=\"heading.default\">\n\t\t\t\t<div class=\"elementor-widget-container\">\n\t\t\t\t\t<h1 class=\"elementor-heading-title elementor-size-default\">Llamada a ponencias<\/h1>\t\t\t\t<\/div>\n\t\t\t\t<\/div>\n\t\t\t\t\t<\/div>\n\t\t\t\t<\/div>\n\t\t<div class=\"elementor-element elementor-element-e7665fd e-flex e-con-boxed e-con e-parent\" data-id=\"e7665fd\" data-element_type=\"container\">\n\t\t\t\t\t<div class=\"e-con-inner\">\n\t\t<div class=\"elementor-element elementor-element-b2d4c1f e-flex e-con-boxed e-con e-child\" data-id=\"b2d4c1f\" data-element_type=\"container\">\n\t\t\t\t\t<div class=\"e-con-inner\">\n\t\t\t\t<div class=\"elementor-element elementor-element-50ed0a7 elementor-widget-mobile__width-inherit elementor-widget elementor-widget-image-box\" data-id=\"50ed0a7\" data-element_type=\"widget\" data-widget_type=\"image-box.default\">\n\t\t\t\t<div class=\"elementor-widget-container\">\n\t\t\t\t\t<div class=\"elementor-image-box-wrapper\"><div class=\"elementor-image-box-content\"><h2 class=\"elementor-image-box-title\">Participa en el VI Congreso Latinoamericano de Marketing Social, que se llevar\u00e1 a cabo entre el 4 y 7 de septiembre de 2024 en la Fucape Business School en Belo Horizonte, Minas Gerais, Brasil.<\/h2><p class=\"elementor-image-box-description\">El plazo de env\u00edo de art\u00edculos y res\u00famenes extendidos es entre el <strong>11\/03\/2024 y el 15\/07\/2024.<\/strong><\/p><\/div><\/div>\t\t\t\t<\/div>\n\t\t\t\t<\/div>\n\t\t\t\t<div class=\"elementor-element elementor-element-0e19b48 elementor-align-left elementor-widget__width-auto elementor-widget elementor-widget-button\" data-id=\"0e19b48\" data-element_type=\"widget\" data-widget_type=\"button.default\">\n\t\t\t\t<div class=\"elementor-widget-container\">\n\t\t\t\t\t\t\t\t\t<div class=\"elementor-button-wrapper\">\n\t\t\t\t\t<a class=\"elementor-button elementor-button-link elementor-size-sm\" href=\"https:\/\/fucape.br\/mktsocial2024\/wp-content\/uploads\/2024\/06\/Call-for-papers-ES.pdf\" target=\"_blank\">\n\t\t\t\t\t\t<span class=\"elementor-button-content-wrapper\">\n\t\t\t\t\t\t\t\t\t<span class=\"elementor-button-text\">Haga clic aqu\u00ed y conozca la convocatoria de ponencias para el evento.<\/span>\n\t\t\t\t\t<\/span>\n\t\t\t\t\t<\/a>\n\t\t\t\t<\/div>\n\t\t\t\t\t\t\t\t<\/div>\n\t\t\t\t<\/div>\n\t\t\t\t\t<\/div>\n\t\t\t\t<\/div>\n\t\t\t\t<div class=\"elementor-element elementor-element-3c20236 elementor-widget__width-initial elementor-widget elementor-widget-image\" data-id=\"3c20236\" data-element_type=\"widget\" data-widget_type=\"image.default\">\n\t\t\t\t<div class=\"elementor-widget-container\">\n\t\t\t\t\t\t\t\t\t\t\t\t\t\t\t<img fetchpriority=\"high\" decoding=\"async\" width=\"430\" height=\"289\" src=\"https:\/\/fucape.br\/mktsocial2024\/wp-content\/uploads\/2024\/03\/chamadas_.webp\" class=\"attachment-full size-full wp-image-1216\" alt=\"chamadas_\" srcset=\"https:\/\/fucape.br\/mktsocial2024\/wp-content\/uploads\/2024\/03\/chamadas_.webp 430w, https:\/\/fucape.br\/mktsocial2024\/wp-content\/uploads\/2024\/03\/chamadas_-300x202.webp 300w\" sizes=\"(max-width: 430px) 100vw, 430px\" title=\"\">\t\t\t\t\t\t\t\t\t\t\t\t\t\t\t<\/div>\n\t\t\t\t<\/div>\n\t\t\t\t\t<\/div>\n\t\t\t\t<\/div>\n\t\t\t\t<\/div>\n\t\t","protected":false},"excerpt":{"rendered":"<p>Participa en el VI Congreso Latinoamericano de Marketing Social, que se llevar\u00e1 a cabo entre el 4 y 7 de septiembre de 2024 en la Fucape Business School en Belo Horizonte, Minas Gerais, Brasil. El plazo de env\u00edo de art\u00edculos y res\u00famenes extendidos es entre el 11\/03\/2024 y el 15\/07\/2024. Haga clic aqu\u00ed y conozca [&hellip;]<\/p>\n","protected":false},"author":1,"featured_media":1327,"parent":1520,"menu_order":1,"comment_status":"closed","ping_status":"closed","template":"","meta":{"footnotes":""},"tipo":[],"class_list":["post-1409","page","type-page","status-publish","has-post-thumbnail","hentry"],"_links":{"self":[{"href":"https:\/\/fucape.br\/mktsocial2024\/wp-json\/wp\/v2\/pages\/1409","targetHints":{"allow":["GET"]}}],"collection":[{"href":"https:\/\/fucape.br\/mktsocial2024\/wp-json\/wp\/v2\/pages"}],"about":[{"href":"https:\/\/fucape.br\/mktsocial2024\/wp-json\/wp\/v2\/types\/page"}],"author":[{"embeddable":true,"href":"https:\/\/fucape.br\/mktsocial2024\/wp-json\/wp\/v2\/users\/1"}],"replies":[{"embeddable":true,"href":"https:\/\/fucape.br\/mktsocial2024\/wp-json\/wp\/v2\/comments?post=1409"}],"version-history":[{"count":13,"href":"https:\/\/fucape.br\/mktsocial2024\/wp-json\/wp\/v2\/pages\/1409\/revisions"}],"predecessor-version":[{"id":2492,"href":"https:\/\/fucape.br\/mktsocial2024\/wp-json\/wp\/v2\/pages\/1409\/revisions\/2492"}],"up":[{"embeddable":true,"href":"https:\/\/fucape.br\/mktsocial2024\/wp-json\/wp\/v2\/pages\/1520"}],"wp:featuredmedia":[{"embeddable":true,"href":"https:\/\/fucape.br\/mktsocial2024\/wp-json\/wp\/v2\/media\/1327"}],"wp:attachment":[{"href":"https:\/\/fucape.br\/mktsocial2024\/wp-json\/wp\/v2\/media?parent=1409"}],"wp:term":[{"taxonomy":"tipo","embeddable":true,"href":"https:\/\/fucape.br\/mktsocial2024\/wp-json\/wp\/v2\/tipo?post=1409"}],"curies":[{"name":"wp","href":"https:\/\/api.w.org\/{rel}","templated":true}]}}