{"id":1137,"date":"2024-03-11T10:34:43","date_gmt":"2024-03-11T13:34:43","guid":{"rendered":"https:\/\/fucape.br\/mktsocial2024\/?page_id=1137"},"modified":"2024-08-19T10:52:21","modified_gmt":"2024-08-19T13:52:21","slug":"inscricoes","status":"publish","type":"page","link":"https:\/\/fucape.br\/mktsocial2024\/inscricoes\/","title":{"rendered":"Inscri\u00e7oes"},"content":{"rendered":"\t\t<div data-elementor-type=\"wp-page\" data-elementor-id=\"1137\" class=\"elementor elementor-1137\" data-elementor-settings=\"{&quot;ha_cmc_init_switcher&quot;:&quot;no&quot;}\" data-elementor-post-type=\"page\">\n\t\t\t\t<div data-dce-background-image-url=\"https:\/\/fucape.br\/mktsocial2024\/wp-content\/uploads\/2024\/03\/chamadas-de-trabalhos.png\" class=\"elementor-element elementor-element-eba4568 e-flex e-con-boxed e-con e-parent\" data-id=\"eba4568\" data-element_type=\"container\" data-settings=\"{&quot;background_background&quot;:&quot;classic&quot;}\">\n\t\t\t\t\t<div class=\"e-con-inner\">\n\t\t\t\t<div class=\"elementor-element elementor-element-cf059c6 elementor-widget elementor-widget-heading\" data-id=\"cf059c6\" data-element_type=\"widget\" data-widget_type=\"heading.default\">\n\t\t\t\t<div class=\"elementor-widget-container\">\n\t\t\t\t\t<h1 class=\"elementor-heading-title elementor-size-default\">Inscri\u00e7oes<\/h1>\t\t\t\t<\/div>\n\t\t\t\t<\/div>\n\t\t\t\t\t<\/div>\n\t\t\t\t<\/div>\n\t\t<div class=\"elementor-element elementor-element-e7665fd e-flex e-con-boxed e-con e-parent\" data-id=\"e7665fd\" data-element_type=\"container\">\n\t\t\t\t\t<div class=\"e-con-inner\">\n\t\t\t\t<div class=\"elementor-element elementor-element-50ed0a7 elementor-widget__width-inherit elementor-widget elementor-widget-image-box\" data-id=\"50ed0a7\" data-element_type=\"widget\" data-widget_type=\"image-box.default\">\n\t\t\t\t<div class=\"elementor-widget-container\">\n\t\t\t\t\t<div class=\"elementor-image-box-wrapper\"><div class=\"elementor-image-box-content\"><h2 class=\"elementor-image-box-title\">Inscri\u00e7\u00f5es abertas at\u00e9 31\/08\/2024.<\/h2><p class=\"elementor-image-box-description\"> Os valores para inscri\u00e7\u00e3o s\u00e3o:<\/p><\/div><\/div>\t\t\t\t<\/div>\n\t\t\t\t<\/div>\n\t\t<div data-dce-background-color=\"#F6F6F6\" class=\"elementor-element elementor-element-b2d4c1f e-con-full e-flex e-con e-child\" data-id=\"b2d4c1f\" data-element_type=\"container\" data-settings=\"{&quot;background_background&quot;:&quot;classic&quot;}\">\n\t\t\t\t<div class=\"elementor-element elementor-element-7a466db elementor-widget elementor-widget-heading\" data-id=\"7a466db\" data-element_type=\"widget\" data-widget_type=\"heading.default\">\n\t\t\t\t<div class=\"elementor-widget-container\">\n\t\t\t\t\t<h3 class=\"elementor-heading-title elementor-size-default\">Participa\u00e7\u00e3o presencial:<\/h3>\t\t\t\t<\/div>\n\t\t\t\t<\/div>\n\t\t\t\t<div class=\"elementor-element elementor-element-b97f7c5 elementor-widget elementor-widget-price-list\" data-id=\"b97f7c5\" data-element_type=\"widget\" data-widget_type=\"price-list.default\">\n\t\t\t\t<div class=\"elementor-widget-container\">\n\t\t\t\t\t\n\t\t<ul class=\"elementor-price-list\">\n\n\t\t\t\t\t\t\t\t\t<li class=\"elementor-price-list-item\">\t\t\t\t\n\t\t\t\t<div class=\"elementor-price-list-text\">\n\t\t\t\t\t\t\t\t\t<div class=\"elementor-price-list-header\">\n\t\t\t\t\t\t\t\t\t\t\t<span class=\"elementor-price-list-title\">\n\t\t\t\t\t\t\tAlunos de gradua\u00e7\u00e3o\t\t\t\t\t\t<\/span>\n\t\t\t\t\t\t\t\t\t\t\t\t\t\t\t\t\t\t<span class=\"elementor-price-list-separator\"><\/span>\n\t\t\t\t\t\t\t\t\t\t\t\t\t\t\t\t\t\t\t<span class=\"elementor-price-list-price\">R$120<\/span>\n\t\t\t\t\t\t\t\t\t\t<\/div>\n\t\t\t\t\t\t\t\t\t\t\t\t<\/div>\n\t\t\t\t<\/li>\t\t\t\t\t\t\t\t\t\t\t\t<li class=\"elementor-price-list-item\">\t\t\t\t\n\t\t\t\t<div class=\"elementor-price-list-text\">\n\t\t\t\t\t\t\t\t\t<div class=\"elementor-price-list-header\">\n\t\t\t\t\t\t\t\t\t\t\t<span class=\"elementor-price-list-title\">\n\t\t\t\t\t\t\tAlunos de p\u00f3s-gradua\u00e7\u00e3o\t\t\t\t\t\t<\/span>\n\t\t\t\t\t\t\t\t\t\t\t\t\t\t\t\t\t\t<span class=\"elementor-price-list-separator\"><\/span>\n\t\t\t\t\t\t\t\t\t\t\t\t\t\t\t\t\t\t\t<span class=\"elementor-price-list-price\">R$360<\/span>\n\t\t\t\t\t\t\t\t\t\t<\/div>\n\t\t\t\t\t\t\t\t\t\t\t\t<\/div>\n\t\t\t\t<\/li>\t\t\t\t\t\t\t\t\t\t\t\t<li class=\"elementor-price-list-item\">\t\t\t\t\n\t\t\t\t<div class=\"elementor-price-list-text\">\n\t\t\t\t\t\t\t\t\t<div class=\"elementor-price-list-header\">\n\t\t\t\t\t\t\t\t\t\t\t<span class=\"elementor-price-list-title\">\n\t\t\t\t\t\t\tProfessores de Educa\u00e7\u00e3o B\u00e1sica\t\t\t\t\t\t<\/span>\n\t\t\t\t\t\t\t\t\t\t\t\t\t\t\t\t\t\t<span class=\"elementor-price-list-separator\"><\/span>\n\t\t\t\t\t\t\t\t\t\t\t\t\t\t\t\t\t\t\t<span class=\"elementor-price-list-price\">R$240<\/span>\n\t\t\t\t\t\t\t\t\t\t<\/div>\n\t\t\t\t\t\t\t\t\t\t\t\t<\/div>\n\t\t\t\t<\/li>\t\t\t\t\t\t\t\t\t\t\t\t<li class=\"elementor-price-list-item\">\t\t\t\t\n\t\t\t\t<div class=\"elementor-price-list-text\">\n\t\t\t\t\t\t\t\t\t<div class=\"elementor-price-list-header\">\n\t\t\t\t\t\t\t\t\t\t\t<span class=\"elementor-price-list-title\">\n\t\t\t\t\t\t\tProfessores, Pesquisadores, demais profissionais, acompanhantes\t\t\t\t\t\t<\/span>\n\t\t\t\t\t\t\t\t\t\t\t\t\t\t\t\t\t\t<span class=\"elementor-price-list-separator\"><\/span>\n\t\t\t\t\t\t\t\t\t\t\t\t\t\t\t\t\t\t\t<span class=\"elementor-price-list-price\">R$720<\/span>\n\t\t\t\t\t\t\t\t\t\t<\/div>\n\t\t\t\t\t\t\t\t\t\t\t\t<\/div>\n\t\t\t\t<\/li>\t\t\t\t\t\n\t\t<\/ul>\n\n\t\t\t\t\t\t<\/div>\n\t\t\t\t<\/div>\n\t\t\t\t<div class=\"elementor-element elementor-element-ea9cdb3 elementor-widget elementor-widget-text-editor\" data-id=\"ea9cdb3\" data-element_type=\"widget\" data-widget_type=\"text-editor.default\">\n\t\t\t\t<div class=\"elementor-widget-container\">\n\t\t\t\t\t\t\t\t\t<p>A inscri\u00e7\u00e3o d\u00e1 direito a apresenta\u00e7\u00e3o dos artigos\/resumos aprovados, certificado de participa\u00e7\u00e3o, certificado de apresenta\u00e7\u00e3o, coffee-break, material do evento, participa\u00e7\u00e3o em palestras e mesa redonda, participa\u00e7\u00e3o no evento cultural em 07\/09\/2024, participa\u00e7\u00e3o no coquetel de abertura, participa\u00e7\u00e3o no jantar de encerramento.<\/p>\t\t\t\t\t\t\t\t<\/div>\n\t\t\t\t<\/div>\n\t\t\t\t<div class=\"elementor-element elementor-element-b008469 elementor-widget elementor-widget-button\" data-id=\"b008469\" data-element_type=\"widget\" data-widget_type=\"button.default\">\n\t\t\t\t<div class=\"elementor-widget-container\">\n\t\t\t\t\t\t\t\t\t<div class=\"elementor-button-wrapper\">\n\t\t\t\t\t<a class=\"elementor-button elementor-button-link elementor-size-sm\" href=\"https:\/\/www.sympla.com.br\/evento\/vi-congresso-latino-americano-de-marketing-social\/2516610\" target=\"_blank\" rel=\"nofollow noopener\">\n\t\t\t\t\t\t<span class=\"elementor-button-content-wrapper\">\n\t\t\t\t\t\t\t\t\t<span class=\"elementor-button-text\">Inscreva-se<\/span>\n\t\t\t\t\t<\/span>\n\t\t\t\t\t<\/a>\n\t\t\t\t<\/div>\n\t\t\t\t\t\t\t\t<\/div>\n\t\t\t\t<\/div>\n\t\t\t\t<\/div>\n\t\t<div data-dce-background-color=\"#F6F6F6\" class=\"elementor-element elementor-element-a6b5e3f e-con-full e-flex e-con e-child\" data-id=\"a6b5e3f\" data-element_type=\"container\" data-settings=\"{&quot;background_background&quot;:&quot;classic&quot;}\">\n\t\t\t\t<div class=\"elementor-element elementor-element-d80225a elementor-widget elementor-widget-heading\" data-id=\"d80225a\" data-element_type=\"widget\" data-widget_type=\"heading.default\">\n\t\t\t\t<div class=\"elementor-widget-container\">\n\t\t\t\t\t<h3 class=\"elementor-heading-title elementor-size-default\">Participa\u00e7\u00e3o online:<\/h3>\t\t\t\t<\/div>\n\t\t\t\t<\/div>\n\t\t\t\t<div class=\"elementor-element elementor-element-105d6b2 elementor-widget elementor-widget-price-list\" data-id=\"105d6b2\" data-element_type=\"widget\" data-widget_type=\"price-list.default\">\n\t\t\t\t<div class=\"elementor-widget-container\">\n\t\t\t\t\t\n\t\t<ul class=\"elementor-price-list\">\n\n\t\t\t\t\t\t\t\t\t<li class=\"elementor-price-list-item\">\t\t\t\t\n\t\t\t\t<div class=\"elementor-price-list-text\">\n\t\t\t\t\t\t\t\t\t<div class=\"elementor-price-list-header\">\n\t\t\t\t\t\t\t\t\t\t\t<span class=\"elementor-price-list-title\">\n\t\t\t\t\t\t\tAlunos de gradua\u00e7\u00e3o\t\t\t\t\t\t<\/span>\n\t\t\t\t\t\t\t\t\t\t\t\t\t\t\t\t\t\t<span class=\"elementor-price-list-separator\"><\/span>\n\t\t\t\t\t\t\t\t\t\t\t\t\t\t\t\t\t\t\t<span class=\"elementor-price-list-price\">R$60<\/span>\n\t\t\t\t\t\t\t\t\t\t<\/div>\n\t\t\t\t\t\t\t\t\t\t\t\t<\/div>\n\t\t\t\t<\/li>\t\t\t\t\t\t\t\t\t\t\t\t<li class=\"elementor-price-list-item\">\t\t\t\t\n\t\t\t\t<div class=\"elementor-price-list-text\">\n\t\t\t\t\t\t\t\t\t<div class=\"elementor-price-list-header\">\n\t\t\t\t\t\t\t\t\t\t\t<span class=\"elementor-price-list-title\">\n\t\t\t\t\t\t\tAlunos de p\u00f3s-gradua\u00e7\u00e3o\t\t\t\t\t\t<\/span>\n\t\t\t\t\t\t\t\t\t\t\t\t\t\t\t\t\t\t<span class=\"elementor-price-list-separator\"><\/span>\n\t\t\t\t\t\t\t\t\t\t\t\t\t\t\t\t\t\t\t<span class=\"elementor-price-list-price\">R$180<\/span>\n\t\t\t\t\t\t\t\t\t\t<\/div>\n\t\t\t\t\t\t\t\t\t\t\t\t<\/div>\n\t\t\t\t<\/li>\t\t\t\t\t\t\t\t\t\t\t\t<li class=\"elementor-price-list-item\">\t\t\t\t\n\t\t\t\t<div class=\"elementor-price-list-text\">\n\t\t\t\t\t\t\t\t\t<div class=\"elementor-price-list-header\">\n\t\t\t\t\t\t\t\t\t\t\t<span class=\"elementor-price-list-title\">\n\t\t\t\t\t\t\tProfessores de Educa\u00e7\u00e3o B\u00e1sica\t\t\t\t\t\t<\/span>\n\t\t\t\t\t\t\t\t\t\t\t\t\t\t\t\t\t\t<span class=\"elementor-price-list-separator\"><\/span>\n\t\t\t\t\t\t\t\t\t\t\t\t\t\t\t\t\t\t\t<span class=\"elementor-price-list-price\">R$120<\/span>\n\t\t\t\t\t\t\t\t\t\t<\/div>\n\t\t\t\t\t\t\t\t\t\t\t\t<\/div>\n\t\t\t\t<\/li>\t\t\t\t\t\t\t\t\t\t\t\t<li class=\"elementor-price-list-item\">\t\t\t\t\n\t\t\t\t<div class=\"elementor-price-list-text\">\n\t\t\t\t\t\t\t\t\t<div class=\"elementor-price-list-header\">\n\t\t\t\t\t\t\t\t\t\t\t<span class=\"elementor-price-list-title\">\n\t\t\t\t\t\t\tProfessores, Pesquisadores, demais profissionais\t\t\t\t\t\t<\/span>\n\t\t\t\t\t\t\t\t\t\t\t\t\t\t\t\t\t\t<span class=\"elementor-price-list-separator\"><\/span>\n\t\t\t\t\t\t\t\t\t\t\t\t\t\t\t\t\t\t\t<span class=\"elementor-price-list-price\">R$360<\/span>\n\t\t\t\t\t\t\t\t\t\t<\/div>\n\t\t\t\t\t\t\t\t\t\t\t\t<\/div>\n\t\t\t\t<\/li>\t\t\t\t\t\n\t\t<\/ul>\n\n\t\t\t\t\t\t<\/div>\n\t\t\t\t<\/div>\n\t\t\t\t<div class=\"elementor-element elementor-element-4c82b9b elementor-widget elementor-widget-text-editor\" data-id=\"4c82b9b\" data-element_type=\"widget\" data-widget_type=\"text-editor.default\">\n\t\t\t\t<div class=\"elementor-widget-container\">\n\t\t\t\t\t\t\t\t\t<p>A inscri\u00e7\u00e3o d\u00e1 direito a apresenta\u00e7\u00e3o dos artigos\/resumos aprovados, certificado de participa\u00e7\u00e3o, certificado de apresenta\u00e7\u00e3o, participa\u00e7\u00e3o em palestras e mesa redonda.<\/p>\t\t\t\t\t\t\t\t<\/div>\n\t\t\t\t<\/div>\n\t\t\t\t<div class=\"elementor-element elementor-element-69fda46 elementor-widget elementor-widget-button\" data-id=\"69fda46\" data-element_type=\"widget\" data-widget_type=\"button.default\">\n\t\t\t\t<div class=\"elementor-widget-container\">\n\t\t\t\t\t\t\t\t\t<div class=\"elementor-button-wrapper\">\n\t\t\t\t\t<a class=\"elementor-button elementor-button-link elementor-size-sm\" href=\"https:\/\/www.sympla.com.br\/evento\/vi-congresso-latino-americano-de-marketing-social\/2516610\" target=\"_blank\" rel=\"nofollow noopener\">\n\t\t\t\t\t\t<span class=\"elementor-button-content-wrapper\">\n\t\t\t\t\t\t\t\t\t<span class=\"elementor-button-text\">Inscreva-se<\/span>\n\t\t\t\t\t<\/span>\n\t\t\t\t\t<\/a>\n\t\t\t\t<\/div>\n\t\t\t\t\t\t\t\t<\/div>\n\t\t\t\t<\/div>\n\t\t\t\t<\/div>\n\t\t\t\t<div class=\"elementor-element elementor-element-7442187 elementor-widget elementor-widget-text-editor\" data-id=\"7442187\" data-element_type=\"widget\" data-widget_type=\"text-editor.default\">\n\t\t\t\t<div class=\"elementor-widget-container\">\n\t\t\t\t\t\t\t\t\t<p>O pagamento ser\u00e1 realizado no pr\u00f3prio sistema de inscri\u00e7\u00e3o. Para aqueles que se inscrevem como alunos de gradua\u00e7\u00e3o, de p\u00f3s-gradua\u00e7\u00e3o e professores de educa\u00e7\u00e3o b\u00e1sica, enviar para o email mktsocial2024@fucape.br o comprovante de inscri\u00e7\u00e3o e a comprova\u00e7\u00e3o como aluno de gradua\u00e7\u00e3o ou p\u00f3s-gradua\u00e7\u00e3o ou professor de educa\u00e7\u00e3o b\u00e1sica; a comiss\u00e3o organizadora validar\u00e1 a inscri\u00e7\u00e3o a partir desses documentos, informando por email tal valida\u00e7\u00e3o.<\/p>\t\t\t\t\t\t\t\t<\/div>\n\t\t\t\t<\/div>\n\t\t\t\t<div class=\"elementor-element elementor-element-4494ea0 elementor-widget elementor-widget-text-editor\" data-id=\"4494ea0\" data-element_type=\"widget\" data-widget_type=\"text-editor.default\">\n\t\t\t\t<div class=\"elementor-widget-container\">\n\t\t\t\t\t\t\t\t\t<p>*Alunos de gradua\u00e7\u00e3o, de p\u00f3s-gradua\u00e7\u00e3o e professores de educa\u00e7\u00e3o b\u00e1sica dever\u00e3o comprovar a sua condi\u00e7\u00e3o no ato da inscri\u00e7\u00e3o, sob pena de ter a mesma invalidada e seus artigos\/resumos n\u00e3o poderem ser apresentados.<\/p><p>*Na inscri\u00e7\u00e3o de professores-pesquisadores, est\u00e1 inclu\u00edda a taxa de associa\u00e7\u00e3o da International Association on Public and Nonprofit Marketing (IAPNM) por um ano. Os professores-pesquisadores que participarem do 23rd International Congress on Public and Nonprofit Marketing ter\u00e3o redu\u00e7\u00e3o de 50% no valor da inscri\u00e7\u00e3o presencial.<\/p>\t\t\t\t\t\t\t\t<\/div>\n\t\t\t\t<\/div>\n\t\t\t\t\t<\/div>\n\t\t\t\t<\/div>\n\t\t\t\t<\/div>\n\t\t","protected":false},"excerpt":{"rendered":"<p>Inscri\u00e7\u00f5es abertas at\u00e9 31\/08\/2024. Os valores para inscri\u00e7\u00e3o s\u00e3o: Participa\u00e7\u00e3o presencial: Alunos de gradua\u00e7\u00e3o R$120 Alunos de p\u00f3s-gradua\u00e7\u00e3o R$360 Professores de Educa\u00e7\u00e3o B\u00e1sica R$240 Professores, Pesquisadores, demais profissionais, acompanhantes R$720 A inscri\u00e7\u00e3o d\u00e1 direito a apresenta\u00e7\u00e3o dos artigos\/resumos aprovados, certificado de participa\u00e7\u00e3o, certificado de apresenta\u00e7\u00e3o, coffee-break, material do evento, participa\u00e7\u00e3o em palestras e mesa redonda, [&hellip;]<\/p>\n","protected":false},"author":1,"featured_media":0,"parent":0,"menu_order":0,"comment_status":"closed","ping_status":"closed","template":"","meta":{"footnotes":""},"tipo":[],"class_list":["post-1137","page","type-page","status-publish","hentry"],"_links":{"self":[{"href":"https:\/\/fucape.br\/mktsocial2024\/wp-json\/wp\/v2\/pages\/1137","targetHints":{"allow":["GET"]}}],"collection":[{"href":"https:\/\/fucape.br\/mktsocial2024\/wp-json\/wp\/v2\/pages"}],"about":[{"href":"https:\/\/fucape.br\/mktsocial2024\/wp-json\/wp\/v2\/types\/page"}],"author":[{"embeddable":true,"href":"https:\/\/fucape.br\/mktsocial2024\/wp-json\/wp\/v2\/users\/1"}],"replies":[{"embeddable":true,"href":"https:\/\/fucape.br\/mktsocial2024\/wp-json\/wp\/v2\/comments?post=1137"}],"version-history":[{"count":100,"href":"https:\/\/fucape.br\/mktsocial2024\/wp-json\/wp\/v2\/pages\/1137\/revisions"}],"predecessor-version":[{"id":2558,"href":"https:\/\/fucape.br\/mktsocial2024\/wp-json\/wp\/v2\/pages\/1137\/revisions\/2558"}],"wp:attachment":[{"href":"https:\/\/fucape.br\/mktsocial2024\/wp-json\/wp\/v2\/media?parent=1137"}],"wp:term":[{"taxonomy":"tipo","embeddable":true,"href":"https:\/\/fucape.br\/mktsocial2024\/wp-json\/wp\/v2\/tipo?post=1137"}],"curies":[{"name":"wp","href":"https:\/\/api.w.org\/{rel}","templated":true}]}}