{"id":1132,"date":"2024-03-11T10:31:45","date_gmt":"2024-03-11T13:31:45","guid":{"rendered":"https:\/\/fucape.br\/mktsocial2024\/?page_id=1132"},"modified":"2024-08-19T10:51:54","modified_gmt":"2024-08-19T13:51:54","slug":"contato","status":"publish","type":"page","link":"https:\/\/fucape.br\/mktsocial2024\/contato\/","title":{"rendered":"Contato"},"content":{"rendered":"\t\t<div data-elementor-type=\"wp-page\" data-elementor-id=\"1132\" class=\"elementor elementor-1132\" data-elementor-settings=\"{&quot;ha_cmc_init_switcher&quot;:&quot;no&quot;}\" data-elementor-post-type=\"page\">\n\t\t\t\t<div data-dce-background-image-url=\"https:\/\/fucape.br\/mktsocial2024\/wp-content\/uploads\/2024\/03\/contato_.webp\" class=\"elementor-element elementor-element-eba4568 e-flex e-con-boxed e-con e-parent\" data-id=\"eba4568\" data-element_type=\"container\" data-settings=\"{&quot;background_background&quot;:&quot;classic&quot;}\">\n\t\t\t\t\t<div class=\"e-con-inner\">\n\t\t\t\t<div class=\"elementor-element elementor-element-cf059c6 elementor-widget elementor-widget-heading\" data-id=\"cf059c6\" data-element_type=\"widget\" data-widget_type=\"heading.default\">\n\t\t\t\t<div class=\"elementor-widget-container\">\n\t\t\t\t\t<h1 class=\"elementor-heading-title elementor-size-default\">Contato<\/h1>\t\t\t\t<\/div>\n\t\t\t\t<\/div>\n\t\t\t\t\t<\/div>\n\t\t\t\t<\/div>\n\t\t<div class=\"elementor-element elementor-element-e7665fd e-flex e-con-boxed e-con e-parent\" data-id=\"e7665fd\" data-element_type=\"container\">\n\t\t\t\t\t<div class=\"e-con-inner\">\n\t\t<div class=\"elementor-element elementor-element-b2d4c1f e-flex e-con-boxed e-con e-child\" data-id=\"b2d4c1f\" data-element_type=\"container\">\n\t\t\t\t\t<div class=\"e-con-inner\">\n\t\t\t\t<div class=\"elementor-element elementor-element-50ed0a7 elementor-widget elementor-widget-image-box\" data-id=\"50ed0a7\" data-element_type=\"widget\" data-widget_type=\"image-box.default\">\n\t\t\t\t<div class=\"elementor-widget-container\">\n\t\t\t\t\t<div class=\"elementor-image-box-wrapper\"><div class=\"elementor-image-box-content\"><h2 class=\"elementor-image-box-title\">Qualquer assunto referente ao VI Congresso Latino-Americano de Marketing Social, como d\u00favidas, sugest\u00f5es, entre outros, deve ser direcionado para o email oficial do evento:<\/h2><p class=\"elementor-image-box-description\"><a href=\"mailto:mktsocial2024@fucape.br\">mktsocial2024@fucape.br<\/a>\n<p>Ao realizar o contato, informar nome, institui\u00e7\u00e3o e forma de contato, para al\u00e9m do assunto que motivou o contato.<\/p><\/p><\/div><\/div>\t\t\t\t<\/div>\n\t\t\t\t<\/div>\n\t\t\t\t\t<\/div>\n\t\t\t\t<\/div>\n\t\t\t\t<div class=\"elementor-element elementor-element-3c20236 elementor-widget__width-initial elementor-widget elementor-widget-image\" data-id=\"3c20236\" data-element_type=\"widget\" data-widget_type=\"image.default\">\n\t\t\t\t<div class=\"elementor-widget-container\">\n\t\t\t\t\t\t\t\t\t\t\t\t\t\t\t<img fetchpriority=\"high\" decoding=\"async\" width=\"430\" height=\"290\" src=\"https:\/\/fucape.br\/mktsocial2024\/wp-content\/uploads\/2024\/03\/contato-web_.webp\" class=\"attachment-full size-full wp-image-1270\" alt=\"contato-web_\" srcset=\"https:\/\/fucape.br\/mktsocial2024\/wp-content\/uploads\/2024\/03\/contato-web_.webp 430w, https:\/\/fucape.br\/mktsocial2024\/wp-content\/uploads\/2024\/03\/contato-web_-300x202.webp 300w\" sizes=\"(max-width: 430px) 100vw, 430px\" title=\"\">\t\t\t\t\t\t\t\t\t\t\t\t\t\t\t<\/div>\n\t\t\t\t<\/div>\n\t\t\t\t\t<\/div>\n\t\t\t\t<\/div>\n\t\t\t\t<\/div>\n\t\t","protected":false},"excerpt":{"rendered":"<p>Qualquer assunto referente ao VI Congresso Latino-Americano de Marketing Social, como d\u00favidas, sugest\u00f5es, entre outros, deve ser direcionado para o email oficial do evento: mktsocial2024@fucape.br Ao realizar o contato, informar nome, institui\u00e7\u00e3o e forma de contato, para al\u00e9m do assunto que motivou o contato.<\/p>\n","protected":false},"author":1,"featured_media":0,"parent":0,"menu_order":0,"comment_status":"closed","ping_status":"closed","template":"","meta":{"footnotes":""},"tipo":[],"class_list":["post-1132","page","type-page","status-publish","hentry"],"_links":{"self":[{"href":"https:\/\/fucape.br\/mktsocial2024\/wp-json\/wp\/v2\/pages\/1132","targetHints":{"allow":["GET"]}}],"collection":[{"href":"https:\/\/fucape.br\/mktsocial2024\/wp-json\/wp\/v2\/pages"}],"about":[{"href":"https:\/\/fucape.br\/mktsocial2024\/wp-json\/wp\/v2\/types\/page"}],"author":[{"embeddable":true,"href":"https:\/\/fucape.br\/mktsocial2024\/wp-json\/wp\/v2\/users\/1"}],"replies":[{"embeddable":true,"href":"https:\/\/fucape.br\/mktsocial2024\/wp-json\/wp\/v2\/comments?post=1132"}],"version-history":[{"count":13,"href":"https:\/\/fucape.br\/mktsocial2024\/wp-json\/wp\/v2\/pages\/1132\/revisions"}],"predecessor-version":[{"id":2555,"href":"https:\/\/fucape.br\/mktsocial2024\/wp-json\/wp\/v2\/pages\/1132\/revisions\/2555"}],"wp:attachment":[{"href":"https:\/\/fucape.br\/mktsocial2024\/wp-json\/wp\/v2\/media?parent=1132"}],"wp:term":[{"taxonomy":"tipo","embeddable":true,"href":"https:\/\/fucape.br\/mktsocial2024\/wp-json\/wp\/v2\/tipo?post=1132"}],"curies":[{"name":"wp","href":"https:\/\/api.w.org\/{rel}","templated":true}]}}